{"id":28981,"date":"2014-05-24T14:01:43","date_gmt":"2014-05-24T14:01:43","guid":{"rendered":"http:\/\/wpresidence.net\/?page_id=24"},"modified":"2025-05-31T11:24:36","modified_gmt":"2025-05-31T09:24:36","slug":"contact-us","status":"publish","type":"page","link":"https:\/\/rivalimmo.com\/index.php\/contact-us\/","title":{"rendered":"Contact Us"},"content":{"rendered":"<div class=\"wpb-content-wrapper\"><p>[vc_row css=\u00a0\u00bb.vc_custom_1522934260862{margin-top: 15px !important;margin-bottom: 15px !important;}\u00a0\u00bb][vc_column][vc_column_text css=\u00a0\u00bb\u00a0\u00bb]<\/p>\n<p data-start=\"101\" data-end=\"459\">Que vous recherchiez un bien \u00e0 vendre ou \u00e0 louer dans la r\u00e9gion bordelaise, Rival Immobilier facilite votre recherche. Gr\u00e2ce \u00e0 notre outil exclusif de g\u00e9olocalisation, trouvez rapidement la maison, l\u2019appartement ou la villa qui correspond \u00e0 vos attentes et contactez directement les propri\u00e9taires. Trouvez votre maison de r\u00eave en quelques secondes seulement.<\/p>\n<p data-start=\"461\" data-end=\"868\">Nous mettons \u00e0 votre disposition notre expertise compl\u00e8te sur tous les aspects de l\u2019achat ou de la vente immobili\u00e8re. Que ce soit pour vous accompagner dans la recherche de votre futur logement, vous informer sur les derni\u00e8res nouveaut\u00e9s du march\u00e9 immobilier bordelais, ou vous assister dans la vente de votre bien, nous serons ravis de vous accompagner. N\u2019h\u00e9sitez pas \u00e0 nous contacter pour toute question !<\/p>\n<p>[\/vc_column_text][\/vc_column][\/vc_row]<\/p>\n<\/div>","protected":false},"excerpt":{"rendered":"<p>[vc_row css=\u00a0\u00bb.vc_custom_1522934260862{margin-top: 15px !important;margin-bottom: 15px !important;}\u00a0\u00bb][vc_column][vc_column_text css=\u00a0\u00bb\u00a0\u00bb] Que vous recherchiez un bien \u00e0 vendre ou \u00e0 louer dans la r\u00e9gion bordelaise, Rival Immobilier facilite votre recherche. Gr\u00e2ce \u00e0 notre outil exclusif de g\u00e9olocalisation, trouvez rapidement la maison, l\u2019appartement ou la villa qui correspond \u00e0 vos attentes et contactez directement les propri\u00e9taires. Trouvez votre maison de r\u00eave en quelques secondes seulement. Nous mettons \u00e0 votre &#8230;<\/p>\n","protected":false},"author":1,"featured_media":0,"parent":0,"menu_order":0,"comment_status":"closed","ping_status":"closed","template":"page-templates\/contact_page.php","meta":{"inline_featured_image":false,"footnotes":""},"class_list":["post-28981","page","type-page","status-publish","hentry"],"yoast_head":"<!-- This site is optimized with the Yoast SEO Premium plugin v24.7 (Yoast SEO v24.7) - https:\/\/yoast.com\/wordpress\/plugins\/seo\/ -->\n<title>Contact Us - Rival Immobilier<\/title>\n<meta name=\"robots\" content=\"index, follow, max-snippet:-1, max-image-preview:large, max-video-preview:-1\" \/>\n<link rel=\"canonical\" href=\"https:\/\/rivalimmo.com\/index.php\/contact-us\/\" \/>\n<meta property=\"og:locale\" content=\"fr_FR\" \/>\n<meta property=\"og:type\" content=\"article\" \/>\n<meta property=\"og:title\" content=\"Contact Us\" \/>\n<meta property=\"og:description\" content=\"[vc_row css=\u00a0\u00bb.vc_custom_1522934260862{margin-top: 15px !important;margin-bottom: 15px !important;}\u00a0\u00bb][vc_column][vc_column_text css=\u00a0\u00bb\u00a0\u00bb] Que vous recherchiez un bien \u00e0 vendre ou \u00e0 louer dans la r\u00e9gion bordelaise, Rival Immobilier facilite votre recherche. Gr\u00e2ce \u00e0 notre outil exclusif de g\u00e9olocalisation, trouvez rapidement la maison, l\u2019appartement ou la villa qui correspond \u00e0 vos attentes et contactez directement les propri\u00e9taires. Trouvez votre maison de r\u00eave en quelques secondes seulement. Nous mettons \u00e0 votre ...\" \/>\n<meta property=\"og:url\" content=\"https:\/\/rivalimmo.com\/index.php\/contact-us\/\" \/>\n<meta property=\"og:site_name\" content=\"Rival Immobilier\" \/>\n<meta property=\"article:modified_time\" content=\"2025-05-31T09:24:36+00:00\" \/>\n<meta name=\"twitter:card\" content=\"summary_large_image\" \/>\n<meta name=\"twitter:label1\" content=\"Dur\u00e9e de lecture estim\u00e9e\" \/>\n\t<meta name=\"twitter:data1\" content=\"1 minute\" \/>\n<script type=\"application\/ld+json\" class=\"yoast-schema-graph\">{\"@context\":\"https:\/\/schema.org\",\"@graph\":[{\"@type\":\"WebPage\",\"@id\":\"https:\/\/rivalimmo.com\/index.php\/contact-us\/\",\"url\":\"https:\/\/rivalimmo.com\/index.php\/contact-us\/\",\"name\":\"Contact Us - Rival Immobilier\",\"isPartOf\":{\"@id\":\"https:\/\/rivalimmo.com\/#website\"},\"datePublished\":\"2014-05-24T14:01:43+00:00\",\"dateModified\":\"2025-05-31T09:24:36+00:00\",\"breadcrumb\":{\"@id\":\"https:\/\/rivalimmo.com\/index.php\/contact-us\/#breadcrumb\"},\"inLanguage\":\"fr-FR\",\"potentialAction\":[{\"@type\":\"ReadAction\",\"target\":[\"https:\/\/rivalimmo.com\/index.php\/contact-us\/\"]}]},{\"@type\":\"BreadcrumbList\",\"@id\":\"https:\/\/rivalimmo.com\/index.php\/contact-us\/#breadcrumb\",\"itemListElement\":[{\"@type\":\"ListItem\",\"position\":1,\"name\":\"Accueil\",\"item\":\"https:\/\/rivalimmo.com\/\"},{\"@type\":\"ListItem\",\"position\":2,\"name\":\"Contact Us\"}]},{\"@type\":\"WebSite\",\"@id\":\"https:\/\/rivalimmo.com\/#website\",\"url\":\"https:\/\/rivalimmo.com\/\",\"name\":\"Rival Immobilier\",\"description\":\"\",\"potentialAction\":[{\"@type\":\"SearchAction\",\"target\":{\"@type\":\"EntryPoint\",\"urlTemplate\":\"https:\/\/rivalimmo.com\/?s={search_term_string}\"},\"query-input\":{\"@type\":\"PropertyValueSpecification\",\"valueRequired\":true,\"valueName\":\"search_term_string\"}}],\"inLanguage\":\"fr-FR\"}]}<\/script>\n<!-- \/ Yoast SEO Premium plugin. -->","yoast_head_json":{"title":"Contact Us - Rival Immobilier","robots":{"index":"index","follow":"follow","max-snippet":"max-snippet:-1","max-image-preview":"max-image-preview:large","max-video-preview":"max-video-preview:-1"},"canonical":"https:\/\/rivalimmo.com\/index.php\/contact-us\/","og_locale":"fr_FR","og_type":"article","og_title":"Contact Us","og_description":"[vc_row css=\u00a0\u00bb.vc_custom_1522934260862{margin-top: 15px !important;margin-bottom: 15px !important;}\u00a0\u00bb][vc_column][vc_column_text css=\u00a0\u00bb\u00a0\u00bb] Que vous recherchiez un bien \u00e0 vendre ou \u00e0 louer dans la r\u00e9gion bordelaise, Rival Immobilier facilite votre recherche. Gr\u00e2ce \u00e0 notre outil exclusif de g\u00e9olocalisation, trouvez rapidement la maison, l\u2019appartement ou la villa qui correspond \u00e0 vos attentes et contactez directement les propri\u00e9taires. Trouvez votre maison de r\u00eave en quelques secondes seulement. Nous mettons \u00e0 votre ...","og_url":"https:\/\/rivalimmo.com\/index.php\/contact-us\/","og_site_name":"Rival Immobilier","article_modified_time":"2025-05-31T09:24:36+00:00","twitter_card":"summary_large_image","twitter_misc":{"Dur\u00e9e de lecture estim\u00e9e":"1 minute"},"schema":{"@context":"https:\/\/schema.org","@graph":[{"@type":"WebPage","@id":"https:\/\/rivalimmo.com\/index.php\/contact-us\/","url":"https:\/\/rivalimmo.com\/index.php\/contact-us\/","name":"Contact Us - Rival Immobilier","isPartOf":{"@id":"https:\/\/rivalimmo.com\/#website"},"datePublished":"2014-05-24T14:01:43+00:00","dateModified":"2025-05-31T09:24:36+00:00","breadcrumb":{"@id":"https:\/\/rivalimmo.com\/index.php\/contact-us\/#breadcrumb"},"inLanguage":"fr-FR","potentialAction":[{"@type":"ReadAction","target":["https:\/\/rivalimmo.com\/index.php\/contact-us\/"]}]},{"@type":"BreadcrumbList","@id":"https:\/\/rivalimmo.com\/index.php\/contact-us\/#breadcrumb","itemListElement":[{"@type":"ListItem","position":1,"name":"Accueil","item":"https:\/\/rivalimmo.com\/"},{"@type":"ListItem","position":2,"name":"Contact Us"}]},{"@type":"WebSite","@id":"https:\/\/rivalimmo.com\/#website","url":"https:\/\/rivalimmo.com\/","name":"Rival Immobilier","description":"","potentialAction":[{"@type":"SearchAction","target":{"@type":"EntryPoint","urlTemplate":"https:\/\/rivalimmo.com\/?s={search_term_string}"},"query-input":{"@type":"PropertyValueSpecification","valueRequired":true,"valueName":"search_term_string"}}],"inLanguage":"fr-FR"}]}},"_links":{"self":[{"href":"https:\/\/rivalimmo.com\/index.php\/wp-json\/wp\/v2\/pages\/28981","targetHints":{"allow":["GET"]}}],"collection":[{"href":"https:\/\/rivalimmo.com\/index.php\/wp-json\/wp\/v2\/pages"}],"about":[{"href":"https:\/\/rivalimmo.com\/index.php\/wp-json\/wp\/v2\/types\/page"}],"author":[{"embeddable":true,"href":"https:\/\/rivalimmo.com\/index.php\/wp-json\/wp\/v2\/users\/1"}],"replies":[{"embeddable":true,"href":"https:\/\/rivalimmo.com\/index.php\/wp-json\/wp\/v2\/comments?post=28981"}],"version-history":[{"count":1,"href":"https:\/\/rivalimmo.com\/index.php\/wp-json\/wp\/v2\/pages\/28981\/revisions"}],"predecessor-version":[{"id":31798,"href":"https:\/\/rivalimmo.com\/index.php\/wp-json\/wp\/v2\/pages\/28981\/revisions\/31798"}],"wp:attachment":[{"href":"https:\/\/rivalimmo.com\/index.php\/wp-json\/wp\/v2\/media?parent=28981"}],"curies":[{"name":"wp","href":"https:\/\/api.w.org\/{rel}","templated":true}]}}