{"id":2972,"date":"2014-10-22T12:36:54","date_gmt":"2014-10-22T12:36:54","guid":{"rendered":"http:\/\/wpresidence.net\/?page_id=2972"},"modified":"2025-05-26T15:57:36","modified_gmt":"2025-05-26T13:57:36","slug":"terms-and-coditions","status":"publish","type":"page","link":"https:\/\/rivalimmo.com\/index.php\/terms-and-coditions\/","title":{"rendered":"Termes et conditions"},"content":{"rendered":"\n<p>La pr\u00e9sente Politique de confidentialit\u00e9 r\u00e9git la mani\u00e8re dont Rival Immobilier, utilise, conserve et divulgue les informations collect\u00e9es aupr\u00e8s des utilisateurs (chacun \u00e9tant un \u00ab\u00a0Utilisateur\u00a0\u00bb) du site web https:\/\/rivalimmo.com (le \u00ab\u00a0Site\u00a0\u00bb). <\/p>\n\n\n\n<p>Informations d&rsquo;identification personnelle<\/p>\n\n\n\n<p>Nous pouvons collecter des informations d&rsquo;identification personnelle aupr\u00e8s des Utilisateurs de diverses mani\u00e8res, en lien avec les activit\u00e9s, services, fonctionnalit\u00e9s ou ressources que nous mettons \u00e0 disposition sur notre Site. Les Utilisateurs peuvent consulter notre Site de mani\u00e8re anonyme. Nous ne collectons des informations d&rsquo;identification personnelle aupr\u00e8s des Utilisateurs que s&rsquo;ils nous les fournissent volontairement. Les Utilisateurs peuvent toujours refuser de fournir des informations d&rsquo;identification personnelle, mais cela peut les emp\u00eacher de participer \u00e0 certaines activit\u00e9s li\u00e9es au Site.<\/p>\n\n\n\n<p>Informations d&rsquo;identification non personnelles<\/p>\n\n\n\n<p>Nous pouvons collecter des informations d&rsquo;identification non personnelles sur les Utilisateurs lorsqu&rsquo;ils interagissent avec notre Site. Les informations d&rsquo;identification non personnelles peuvent inclure le nom du navigateur, le type d&rsquo;ordinateur et des informations techniques sur les moyens de connexion des utilisateurs \u00e0 notre Site, tels que le syst\u00e8me d&rsquo;exploitation, les fournisseurs d&rsquo;acc\u00e8s \u00e0 Internet utilis\u00e9s et d&rsquo;autres informations similaires.<\/p>\n\n\n\n<p>Cookies du navigateur web<\/p>\n\n\n\n<p>Notre Site peut utiliser des \u00ab&nbsp;cookies&nbsp;\u00bb pour am\u00e9liorer l&rsquo;exp\u00e9rience utilisateur. Le navigateur web de l&rsquo;utilisateur place des cookies sur son disque dur \u00e0 des fins d&rsquo;archivage et, parfois, de suivi des informations le concernant. L&rsquo;utilisateur peut choisir de configurer son navigateur pour refuser les cookies ou pour \u00eatre averti de leur envoi. Dans ce cas, veuillez noter que certaines parties du Site pourraient ne pas fonctionner correctement.<\/p>\n\n\n\n<p>Comment nous prot\u00e9geons vos informations<\/p>\n\n\n\n<p>Nous adoptons des pratiques appropri\u00e9es de collecte, de stockage et de traitement des donn\u00e9es, ainsi que des mesures de s\u00e9curit\u00e9, afin de prot\u00e9ger contre tout acc\u00e8s non autoris\u00e9, toute alt\u00e9ration, divulgation ou destruction de vos informations personnelles, nom d&rsquo;utilisateur, mot de passe, informations de transaction et donn\u00e9es stock\u00e9es sur notre Site.<\/p>\n\n\n\n<p>Partage de vos informations personnelles<\/p>\n\n\n\n<p>Nous ne vendons, n&rsquo;\u00e9changeons ni ne louons les informations d&rsquo;identification personnelle des utilisateurs \u00e0 des tiers. Nous pouvons partager des informations d\u00e9mographiques agr\u00e9g\u00e9es g\u00e9n\u00e9riques, non li\u00e9es \u00e0 des informations d&rsquo;identification personnelle, concernant les visiteurs et les utilisateurs avec nos partenaires commerciaux, nos soci\u00e9t\u00e9s affili\u00e9es de confiance et nos annonceurs aux fins d\u00e9crites ci-dessus.<\/p>\n\n\n\n<p>Modifications de la pr\u00e9sente politique de confidentialit\u00e9<\/p>\n\n\n\n<p>Rival immobilier se r\u00e9serve le droit de mettre \u00e0 jour la pr\u00e9sente politique de confidentialit\u00e9 \u00e0 tout moment. Dans ce cas, nous modifierons la date de mise \u00e0 jour indiqu\u00e9e au bas de cette page. Nous encourageons les utilisateurs \u00e0 consulter r\u00e9guli\u00e8rement cette page pour prendre connaissance des modifications et rester inform\u00e9s de la mani\u00e8re dont nous prot\u00e9geons les informations personnelles que nous collectons. Vous reconnaissez et acceptez qu&rsquo;il est de votre responsabilit\u00e9 de consulter r\u00e9guli\u00e8rement la pr\u00e9sente politique de confidentialit\u00e9 et de vous tenir inform\u00e9 des modifications.<\/p>\n\n\n\n<p>Votre acceptation des pr\u00e9sentes conditions<\/p>\n\n\n\n<p>En utilisant ce site, vous acceptez la pr\u00e9sente politique. Si vous ne l&rsquo;acceptez pas, veuillez ne pas utiliser notre site. Votre utilisation continue du site apr\u00e8s la publication des modifications sera consid\u00e9r\u00e9e comme une acceptation de ces modifications.<\/p>\n\n\n\n<p>Modifications de la pr\u00e9sente politique de confidentialit\u00e9<\/p>\n\n\n\n<p>Rival immobilier se r\u00e9serve le droit de mettre \u00e0 jour la pr\u00e9sente politique de confidentialit\u00e9 \u00e0 tout moment. Dans ce cas, nous modifierons la date de mise \u00e0 jour indiqu\u00e9e au bas de cette page. Nous encourageons les utilisateurs \u00e0 consulter r\u00e9guli\u00e8rement cette page pour prendre connaissance des modifications et rester inform\u00e9s de la mani\u00e8re dont nous prot\u00e9geons les informations personnelles que nous collectons. Vous reconnaissez et acceptez qu&rsquo;il est de votre responsabilit\u00e9 de consulter r\u00e9guli\u00e8rement cette politique de confidentialit\u00e9 et de prendre connaissance de ses modifications.<\/p>\n\n\n\n<p>Votre acceptation des pr\u00e9sentes conditions<\/p>\n\n\n\n<p>En utilisant ce Site, vous acceptez cette politique. Si vous n&rsquo;acceptez pas cette politique, veuillez ne pas utiliser notre Site. Votre utilisation continue du Site apr\u00e8s la publication des modifications apport\u00e9es \u00e0 cette politique sera consid\u00e9r\u00e9e comme votre acceptation de ces modifications.<\/p>\n","protected":false},"excerpt":{"rendered":"<p>La pr\u00e9sente Politique de confidentialit\u00e9 r\u00e9git la mani\u00e8re dont Rival Immobilier, utilise, conserve et divulgue les informations collect\u00e9es aupr\u00e8s des utilisateurs (chacun \u00e9tant un \u00ab\u00a0Utilisateur\u00a0\u00bb) du site web https:\/\/rivalimmo.com (le \u00ab\u00a0Site\u00a0\u00bb). Informations d&rsquo;identification personnelle Nous pouvons collecter des informations d&rsquo;identification personnelle aupr\u00e8s des Utilisateurs de diverses mani\u00e8res, en lien avec les activit\u00e9s, services, fonctionnalit\u00e9s ou ressources que nous mettons \u00e0 disposition sur notre Site. &#8230;<\/p>\n","protected":false},"author":1,"featured_media":0,"parent":0,"menu_order":0,"comment_status":"closed","ping_status":"closed","template":"page-templates\/terms_conditions.php","meta":{"inline_featured_image":false,"footnotes":""},"class_list":["post-2972","page","type-page","status-publish","hentry"],"yoast_head":"<!-- This site is optimized with the Yoast SEO Premium plugin v24.7 (Yoast SEO v24.7) - https:\/\/yoast.com\/wordpress\/plugins\/seo\/ -->\n<title>Termes et conditions - Rival Immobilier<\/title>\n<meta name=\"robots\" content=\"index, follow, max-snippet:-1, max-image-preview:large, max-video-preview:-1\" \/>\n<link rel=\"canonical\" href=\"https:\/\/rivalimmo.com\/index.php\/terms-and-coditions\/\" \/>\n<meta property=\"og:locale\" content=\"fr_FR\" \/>\n<meta property=\"og:type\" content=\"article\" \/>\n<meta property=\"og:title\" content=\"Termes et conditions\" \/>\n<meta property=\"og:description\" content=\"La pr\u00e9sente Politique de confidentialit\u00e9 r\u00e9git la mani\u00e8re dont Rival Immobilier, utilise, conserve et divulgue les informations collect\u00e9es aupr\u00e8s des utilisateurs (chacun \u00e9tant un \u00ab\u00a0Utilisateur\u00a0\u00bb) du site web https:\/\/rivalimmo.com (le \u00ab\u00a0Site\u00a0\u00bb). Informations d&rsquo;identification personnelle Nous pouvons collecter des informations d&rsquo;identification personnelle aupr\u00e8s des Utilisateurs de diverses mani\u00e8res, en lien avec les activit\u00e9s, services, fonctionnalit\u00e9s ou ressources que nous mettons \u00e0 disposition sur notre Site. ...\" \/>\n<meta property=\"og:url\" content=\"https:\/\/rivalimmo.com\/index.php\/terms-and-coditions\/\" \/>\n<meta property=\"og:site_name\" content=\"Rival Immobilier\" \/>\n<meta property=\"article:modified_time\" content=\"2025-05-26T13:57:36+00:00\" \/>\n<meta name=\"twitter:card\" content=\"summary_large_image\" \/>\n<meta name=\"twitter:label1\" content=\"Dur\u00e9e de lecture estim\u00e9e\" \/>\n\t<meta name=\"twitter:data1\" content=\"4 minutes\" \/>\n<script type=\"application\/ld+json\" class=\"yoast-schema-graph\">{\"@context\":\"https:\/\/schema.org\",\"@graph\":[{\"@type\":\"WebPage\",\"@id\":\"https:\/\/rivalimmo.com\/index.php\/terms-and-coditions\/\",\"url\":\"https:\/\/rivalimmo.com\/index.php\/terms-and-coditions\/\",\"name\":\"Termes et conditions - Rival Immobilier\",\"isPartOf\":{\"@id\":\"https:\/\/rivalimmo.com\/#website\"},\"datePublished\":\"2014-10-22T12:36:54+00:00\",\"dateModified\":\"2025-05-26T13:57:36+00:00\",\"breadcrumb\":{\"@id\":\"https:\/\/rivalimmo.com\/index.php\/terms-and-coditions\/#breadcrumb\"},\"inLanguage\":\"fr-FR\",\"potentialAction\":[{\"@type\":\"ReadAction\",\"target\":[\"https:\/\/rivalimmo.com\/index.php\/terms-and-coditions\/\"]}]},{\"@type\":\"BreadcrumbList\",\"@id\":\"https:\/\/rivalimmo.com\/index.php\/terms-and-coditions\/#breadcrumb\",\"itemListElement\":[{\"@type\":\"ListItem\",\"position\":1,\"name\":\"Accueil\",\"item\":\"https:\/\/rivalimmo.com\/\"},{\"@type\":\"ListItem\",\"position\":2,\"name\":\"Termes et conditions\"}]},{\"@type\":\"WebSite\",\"@id\":\"https:\/\/rivalimmo.com\/#website\",\"url\":\"https:\/\/rivalimmo.com\/\",\"name\":\"Rival Immobilier\",\"description\":\"\",\"potentialAction\":[{\"@type\":\"SearchAction\",\"target\":{\"@type\":\"EntryPoint\",\"urlTemplate\":\"https:\/\/rivalimmo.com\/?s={search_term_string}\"},\"query-input\":{\"@type\":\"PropertyValueSpecification\",\"valueRequired\":true,\"valueName\":\"search_term_string\"}}],\"inLanguage\":\"fr-FR\"}]}<\/script>\n<!-- \/ Yoast SEO Premium plugin. -->","yoast_head_json":{"title":"Termes et conditions - Rival Immobilier","robots":{"index":"index","follow":"follow","max-snippet":"max-snippet:-1","max-image-preview":"max-image-preview:large","max-video-preview":"max-video-preview:-1"},"canonical":"https:\/\/rivalimmo.com\/index.php\/terms-and-coditions\/","og_locale":"fr_FR","og_type":"article","og_title":"Termes et conditions","og_description":"La pr\u00e9sente Politique de confidentialit\u00e9 r\u00e9git la mani\u00e8re dont Rival Immobilier, utilise, conserve et divulgue les informations collect\u00e9es aupr\u00e8s des utilisateurs (chacun \u00e9tant un \u00ab\u00a0Utilisateur\u00a0\u00bb) du site web https:\/\/rivalimmo.com (le \u00ab\u00a0Site\u00a0\u00bb). Informations d&rsquo;identification personnelle Nous pouvons collecter des informations d&rsquo;identification personnelle aupr\u00e8s des Utilisateurs de diverses mani\u00e8res, en lien avec les activit\u00e9s, services, fonctionnalit\u00e9s ou ressources que nous mettons \u00e0 disposition sur notre Site. ...","og_url":"https:\/\/rivalimmo.com\/index.php\/terms-and-coditions\/","og_site_name":"Rival Immobilier","article_modified_time":"2025-05-26T13:57:36+00:00","twitter_card":"summary_large_image","twitter_misc":{"Dur\u00e9e de lecture estim\u00e9e":"4 minutes"},"schema":{"@context":"https:\/\/schema.org","@graph":[{"@type":"WebPage","@id":"https:\/\/rivalimmo.com\/index.php\/terms-and-coditions\/","url":"https:\/\/rivalimmo.com\/index.php\/terms-and-coditions\/","name":"Termes et conditions - Rival Immobilier","isPartOf":{"@id":"https:\/\/rivalimmo.com\/#website"},"datePublished":"2014-10-22T12:36:54+00:00","dateModified":"2025-05-26T13:57:36+00:00","breadcrumb":{"@id":"https:\/\/rivalimmo.com\/index.php\/terms-and-coditions\/#breadcrumb"},"inLanguage":"fr-FR","potentialAction":[{"@type":"ReadAction","target":["https:\/\/rivalimmo.com\/index.php\/terms-and-coditions\/"]}]},{"@type":"BreadcrumbList","@id":"https:\/\/rivalimmo.com\/index.php\/terms-and-coditions\/#breadcrumb","itemListElement":[{"@type":"ListItem","position":1,"name":"Accueil","item":"https:\/\/rivalimmo.com\/"},{"@type":"ListItem","position":2,"name":"Termes et conditions"}]},{"@type":"WebSite","@id":"https:\/\/rivalimmo.com\/#website","url":"https:\/\/rivalimmo.com\/","name":"Rival Immobilier","description":"","potentialAction":[{"@type":"SearchAction","target":{"@type":"EntryPoint","urlTemplate":"https:\/\/rivalimmo.com\/?s={search_term_string}"},"query-input":{"@type":"PropertyValueSpecification","valueRequired":true,"valueName":"search_term_string"}}],"inLanguage":"fr-FR"}]}},"_links":{"self":[{"href":"https:\/\/rivalimmo.com\/index.php\/wp-json\/wp\/v2\/pages\/2972","targetHints":{"allow":["GET"]}}],"collection":[{"href":"https:\/\/rivalimmo.com\/index.php\/wp-json\/wp\/v2\/pages"}],"about":[{"href":"https:\/\/rivalimmo.com\/index.php\/wp-json\/wp\/v2\/types\/page"}],"author":[{"embeddable":true,"href":"https:\/\/rivalimmo.com\/index.php\/wp-json\/wp\/v2\/users\/1"}],"replies":[{"embeddable":true,"href":"https:\/\/rivalimmo.com\/index.php\/wp-json\/wp\/v2\/comments?post=2972"}],"version-history":[{"count":1,"href":"https:\/\/rivalimmo.com\/index.php\/wp-json\/wp\/v2\/pages\/2972\/revisions"}],"predecessor-version":[{"id":31774,"href":"https:\/\/rivalimmo.com\/index.php\/wp-json\/wp\/v2\/pages\/2972\/revisions\/31774"}],"wp:attachment":[{"href":"https:\/\/rivalimmo.com\/index.php\/wp-json\/wp\/v2\/media?parent=2972"}],"curies":[{"name":"wp","href":"https:\/\/api.w.org\/{rel}","templated":true}]}}